{"id":67,"date":"2015-07-21T04:08:00","date_gmt":"2015-07-21T02:08:00","guid":{"rendered":"http:\/\/test.kfz-filzmoser.at\/?page_id=67"},"modified":"2016-12-14T12:21:02","modified_gmt":"2016-12-14T11:21:02","slug":"rasant-aebi-landmaschinen-kirchdorf","status":"publish","type":"page","link":"https:\/\/kfz-filzmoser.at\/?page_id=67","title":{"rendered":"AEBI"},"content":{"rendered":"<p>Aebi Schmidt ist der f\u00fchrende Systemanbieter von innovativen <a href=\"https:\/\/kfz-filzmoser.at\/wp-content\/uploads\/2015\/07\/Terratrac_Aebi_TT120_hp.jpg\"><img decoding=\"async\" loading=\"lazy\" class=\"  wp-image-100 alignright\" src=\"https:\/\/kfz-filzmoser.at\/wp-content\/uploads\/2015\/07\/Terratrac_Aebi_TT120_hp-1024x684.jpg\" alt=\"Terratrac_Aebi_TT120_hp\" width=\"294\" height=\"195\" srcset=\"https:\/\/kfz-filzmoser.at\/wp-content\/uploads\/2015\/07\/Terratrac_Aebi_TT120_hp-1024x684.jpg 1024w, https:\/\/kfz-filzmoser.at\/wp-content\/uploads\/2015\/07\/Terratrac_Aebi_TT120_hp-300x200.jpg 300w, https:\/\/kfz-filzmoser.at\/wp-content\/uploads\/2015\/07\/Terratrac_Aebi_TT120_hp-900x601.jpg 900w, https:\/\/kfz-filzmoser.at\/wp-content\/uploads\/2015\/07\/Terratrac_Aebi_TT120_hp-1280x855.jpg 1280w\" sizes=\"(max-width: 294px) 100vw, 294px\" \/><\/a>technischenProbleml\u00f6sungen f\u00fcr die Reinigung und R\u00e4umung von Verkehrsfl\u00e4chen sowie dem M\u00e4hen von Gr\u00fcnfl\u00e4chen in anspruchsvollem Gel\u00e4nde. Unser Angebot umfasst Fahrzeuge, An- und Aufbauger\u00e4te und die dazugeh\u00f6rigen Dienstleistungen.<\/p>\n<h2>Service &#8211; Reparatur &#8211; Ersatzteile<\/h2>\n<ul>\n<li>Motorm\u00e4her<\/li>\n<li>Terratrac<\/li>\n<li>Schneefr\u00e4sen<\/li>\n<li>Terracut<\/li>\n<li>Hydrocut<\/li>\n<li>Kommunal Trak<\/li>\n<li>Transporter<\/li>\n<\/ul>\n","protected":false},"excerpt":{"rendered":"<p>Aebi Schmidt ist der f\u00fchrende Systemanbieter von innovativen technischenProbleml\u00f6sungen f\u00fcr die Reinigung und R\u00e4umung von Verkehrsfl\u00e4chen sowie dem M\u00e4hen von Gr\u00fcnfl\u00e4chen in anspruchsvollem Gel\u00e4nde. Unser Angebot umfasst Fahrzeuge, An- und Aufbauger\u00e4te und die dazugeh\u00f6rigen Dienstleistungen. Service &#8211; Reparatur &#8211; Ersatzteile&#8230; <a class=\"more-link\" href=\"https:\/\/kfz-filzmoser.at\/?page_id=67\">Weiterlesen &rarr;<\/a><\/p>\n","protected":false},"author":2,"featured_media":0,"parent":0,"menu_order":0,"comment_status":"closed","ping_status":"closed","template":"","meta":[],"_links":{"self":[{"href":"https:\/\/kfz-filzmoser.at\/index.php?rest_route=\/wp\/v2\/pages\/67"}],"collection":[{"href":"https:\/\/kfz-filzmoser.at\/index.php?rest_route=\/wp\/v2\/pages"}],"about":[{"href":"https:\/\/kfz-filzmoser.at\/index.php?rest_route=\/wp\/v2\/types\/page"}],"author":[{"embeddable":true,"href":"https:\/\/kfz-filzmoser.at\/index.php?rest_route=\/wp\/v2\/users\/2"}],"replies":[{"embeddable":true,"href":"https:\/\/kfz-filzmoser.at\/index.php?rest_route=%2Fwp%2Fv2%2Fcomments&post=67"}],"version-history":[{"count":4,"href":"https:\/\/kfz-filzmoser.at\/index.php?rest_route=\/wp\/v2\/pages\/67\/revisions"}],"predecessor-version":[{"id":165,"href":"https:\/\/kfz-filzmoser.at\/index.php?rest_route=\/wp\/v2\/pages\/67\/revisions\/165"}],"wp:attachment":[{"href":"https:\/\/kfz-filzmoser.at\/index.php?rest_route=%2Fwp%2Fv2%2Fmedia&parent=67"}],"curies":[{"name":"wp","href":"https:\/\/api.w.org\/{rel}","templated":true}]}}